{"id":607,"date":"2023-07-04T08:35:43","date_gmt":"2023-07-04T08:35:43","guid":{"rendered":"https:\/\/energie-metamedizin.com\/?page_id=607"},"modified":"2024-01-21T14:50:33","modified_gmt":"2024-01-21T14:50:33","slug":"online-ausbildungen","status":"publish","type":"page","link":"https:\/\/marianeu.all-hosting.de\/?page_id=607","title":{"rendered":"Online Ausbildungen"},"content":{"rendered":"\t\t<div data-elementor-type=\"wp-page\" data-elementor-id=\"607\" class=\"elementor elementor-607\">\n\t\t\t\t\t\t\t\t\t<section class=\"elementor-section elementor-top-section elementor-element elementor-element-eaf005b elementor-section-boxed elementor-section-height-default elementor-section-height-default\" data-id=\"eaf005b\" data-element_type=\"section\">\n\t\t\t\t\t\t<div class=\"elementor-container elementor-column-gap-default\">\n\t\t\t\t\t<div class=\"elementor-column elementor-col-100 elementor-top-column elementor-element elementor-element-2d6e972\" data-id=\"2d6e972\" data-element_type=\"column\">\n\t\t\t<div class=\"elementor-widget-wrap elementor-element-populated\">\n\t\t\t\t\t\t\t\t\t<\/div>\n\t\t<\/div>\n\t\t\t\t\t\t\t<\/div>\n\t\t<\/section>\n\t\t\t\t<section class=\"elementor-section elementor-top-section elementor-element elementor-element-f9a1ade elementor-section-boxed elementor-section-height-default elementor-section-height-default\" data-id=\"f9a1ade\" data-element_type=\"section\">\n\t\t\t\t\t\t<div class=\"elementor-container elementor-column-gap-default\">\n\t\t\t\t\t<div class=\"elementor-column elementor-col-100 elementor-top-column elementor-element elementor-element-d50dde4\" data-id=\"d50dde4\" data-element_type=\"column\">\n\t\t\t<div class=\"elementor-widget-wrap elementor-element-populated\">\n\t\t\t\t\t\t\t\t<div class=\"elementor-element elementor-element-f93a573 elementor-widget elementor-widget-heading\" data-id=\"f93a573\" data-element_type=\"widget\" data-widget_type=\"heading.default\">\n\t\t\t\t<div class=\"elementor-widget-container\">\n\t\t\t<style>\/*! elementor - v3.13.1 - 09-05-2023 *\/\n.elementor-heading-title{padding:0;margin:0;line-height:1}.elementor-widget-heading .elementor-heading-title[class*=elementor-size-]>a{color:inherit;font-size:inherit;line-height:inherit}.elementor-widget-heading .elementor-heading-title.elementor-size-small{font-size:15px}.elementor-widget-heading .elementor-heading-title.elementor-size-medium{font-size:19px}.elementor-widget-heading .elementor-heading-title.elementor-size-large{font-size:29px}.elementor-widget-heading .elementor-heading-title.elementor-size-xl{font-size:39px}.elementor-widget-heading .elementor-heading-title.elementor-size-xxl{font-size:59px}<\/style><h5 class=\"elementor-heading-title elementor-size-large\">Lernen im Morphischen Feld zu lesen<br>515\u20ac<\/h5>\t\t<\/div>\n\t\t\t\t<\/div>\n\t\t\t\t\t<\/div>\n\t\t<\/div>\n\t\t\t\t\t\t\t<\/div>\n\t\t<\/section>\n\t\t\t\t<section class=\"elementor-section elementor-top-section elementor-element elementor-element-fd039c9 elementor-section-boxed elementor-section-height-default elementor-section-height-default\" data-id=\"fd039c9\" data-element_type=\"section\">\n\t\t\t\t\t\t<div class=\"elementor-container elementor-column-gap-default\">\n\t\t\t\t\t<div class=\"elementor-column elementor-col-100 elementor-top-column elementor-element elementor-element-70fbbee\" data-id=\"70fbbee\" data-element_type=\"column\">\n\t\t\t<div class=\"elementor-widget-wrap elementor-element-populated\">\n\t\t\t\t\t\t\t\t<div class=\"elementor-element elementor-element-de3ed47 elementor-widget elementor-widget-heading\" data-id=\"de3ed47\" data-element_type=\"widget\" data-widget_type=\"heading.default\">\n\t\t\t\t<div class=\"elementor-widget-container\">\n\t\t\t<h4 class=\"elementor-heading-title elementor-size-default\">An einem Wochenendseminar lernst du das Morphische Feld Lesen zu k\u00f6nnen. <br><br>Das Morphische Feld ist ein Vibrationsgitter, wo alle unsere Informationen von uns gespeichert sind.<br><br>W\u00e4hrend des Online Seminars lernst du folgende Inhalte kennen:<br><br>-Bessere Entscheidungen zu treffen<br>damit kannst du auch anderen Menschen bei ihren Entscheidungen helfen<br>- alte Blockaden in der Vergangenheit aufl\u00f6sen<br>-dich und anderen Menschen lesen k\u00f6nnen <br>egal bei welchen Fragen wie Z.b. Beruf, Lebensweg, Liebe, Familienthemen etc. <br>- Intuition st\u00e4rken<\/h4>\t\t<\/div>\n\t\t\t\t<\/div>\n\t\t\t\t\t<\/div>\n\t\t<\/div>\n\t\t\t\t\t\t\t<\/div>\n\t\t<\/section>\n\t\t\t\t<section class=\"elementor-section elementor-top-section elementor-element elementor-element-356fbf8 elementor-section-boxed elementor-section-height-default elementor-section-height-default\" data-id=\"356fbf8\" data-element_type=\"section\">\n\t\t\t\t\t\t<div class=\"elementor-container elementor-column-gap-default\">\n\t\t\t\t\t<div class=\"elementor-column elementor-col-100 elementor-top-column elementor-element elementor-element-cbd0f4c\" data-id=\"cbd0f4c\" data-element_type=\"column\">\n\t\t\t<div class=\"elementor-widget-wrap elementor-element-populated\">\n\t\t\t\t\t\t\t\t<div class=\"elementor-element elementor-element-b9b582e elementor-widget elementor-widget-heading\" data-id=\"b9b582e\" data-element_type=\"widget\" data-widget_type=\"heading.default\">\n\t\t\t\t<div class=\"elementor-widget-container\">\n\t\t\t<h4 class=\"elementor-heading-title elementor-size-medium\">Kontaktiere mich gerne wenn noch Fragen offen stehen. <\/h4>\t\t<\/div>\n\t\t\t\t<\/div>\n\t\t\t\t\t<\/div>\n\t\t<\/div>\n\t\t\t\t\t\t\t<\/div>\n\t\t<\/section>\n\t\t\t\t\t\t\t<\/div>\n\t\t","protected":false},"excerpt":{"rendered":"<p>Lernen im Morphischen Feld zu lesen515\u20ac An einem Wochenendseminar lernst du das Morphische Feld Lesen zu k\u00f6nnen. Das Morphische Feld ist ein Vibrationsgitter, wo alle unsere Informationen von uns gespeichert sind. W\u00e4hrend des Online Seminars lernst du folgende Inhalte kennen: -Bessere Entscheidungen zu treffendamit kannst du auch anderen Menschen bei ihren Entscheidungen helfen&#8211; alte Blockaden&hellip; <a class=\"more-link\" href=\"https:\/\/marianeu.all-hosting.de\/?page_id=607\">Continue reading <span class=\"screen-reader-text\">Online Ausbildungen<\/span><\/a><\/p>\n","protected":false},"author":2,"featured_media":0,"parent":0,"menu_order":0,"comment_status":"closed","ping_status":"closed","template":"","meta":{"_monsterinsights_skip_tracking":false,"_monsterinsights_sitenote_active":false,"_monsterinsights_sitenote_note":"","_monsterinsights_sitenote_category":0,"footnotes":""},"class_list":["post-607","page","type-page","status-publish","hentry","entry"],"aioseo_notices":[],"_links":{"self":[{"href":"https:\/\/marianeu.all-hosting.de\/index.php?rest_route=\/wp\/v2\/pages\/607","targetHints":{"allow":["GET"]}}],"collection":[{"href":"https:\/\/marianeu.all-hosting.de\/index.php?rest_route=\/wp\/v2\/pages"}],"about":[{"href":"https:\/\/marianeu.all-hosting.de\/index.php?rest_route=\/wp\/v2\/types\/page"}],"author":[{"embeddable":true,"href":"https:\/\/marianeu.all-hosting.de\/index.php?rest_route=\/wp\/v2\/users\/2"}],"replies":[{"embeddable":true,"href":"https:\/\/marianeu.all-hosting.de\/index.php?rest_route=%2Fwp%2Fv2%2Fcomments&post=607"}],"version-history":[{"count":10,"href":"https:\/\/marianeu.all-hosting.de\/index.php?rest_route=\/wp\/v2\/pages\/607\/revisions"}],"predecessor-version":[{"id":832,"href":"https:\/\/marianeu.all-hosting.de\/index.php?rest_route=\/wp\/v2\/pages\/607\/revisions\/832"}],"wp:attachment":[{"href":"https:\/\/marianeu.all-hosting.de\/index.php?rest_route=%2Fwp%2Fv2%2Fmedia&parent=607"}],"curies":[{"name":"wp","href":"https:\/\/api.w.org\/{rel}","templated":true}]}}