{"id":745,"date":"2024-02-07T11:41:22","date_gmt":"2024-02-07T11:41:22","guid":{"rendered":"https:\/\/energie-metamedizin.com\/?page_id=745"},"modified":"2024-02-07T11:42:56","modified_gmt":"2024-02-07T11:42:56","slug":"cookie-und-privatsphare-einstellungen","status":"publish","type":"page","link":"https:\/\/marianeu.all-hosting.de\/?page_id=745","title":{"rendered":"Cookie und Privatsph\u00e4re Einstellungen"},"content":{"rendered":"\t\t<div data-elementor-type=\"wp-page\" data-elementor-id=\"745\" class=\"elementor elementor-745\">\n\t\t\t\t\t\t\t\t\t<section class=\"elementor-section elementor-top-section elementor-element elementor-element-a5e8e96 elementor-section-boxed elementor-section-height-default elementor-section-height-default\" data-id=\"a5e8e96\" data-element_type=\"section\">\n\t\t\t\t\t\t<div class=\"elementor-container elementor-column-gap-default\">\n\t\t\t\t\t<div class=\"elementor-column elementor-col-100 elementor-top-column elementor-element elementor-element-fb89d9c\" data-id=\"fb89d9c\" data-element_type=\"column\">\n\t\t\t<div class=\"elementor-widget-wrap elementor-element-populated\">\n\t\t\t\t\t\t\t\t<div class=\"elementor-element elementor-element-5b933dc elementor-widget elementor-widget-heading\" data-id=\"5b933dc\" data-element_type=\"widget\" data-widget_type=\"heading.default\">\n\t\t\t\t<div class=\"elementor-widget-container\">\n\t\t\t<style>\/*! elementor - v3.13.1 - 09-05-2023 *\/\n.elementor-heading-title{padding:0;margin:0;line-height:1}.elementor-widget-heading .elementor-heading-title[class*=elementor-size-]>a{color:inherit;font-size:inherit;line-height:inherit}.elementor-widget-heading .elementor-heading-title.elementor-size-small{font-size:15px}.elementor-widget-heading .elementor-heading-title.elementor-size-medium{font-size:19px}.elementor-widget-heading .elementor-heading-title.elementor-size-large{font-size:29px}.elementor-widget-heading .elementor-heading-title.elementor-size-xl{font-size:39px}.elementor-widget-heading .elementor-heading-title.elementor-size-xxl{font-size:59px}<\/style><h2 class=\"elementor-heading-title elementor-size-default\">Cookie Einstellungen<\/h2>\t\t<\/div>\n\t\t\t\t<\/div>\n\t\t\t\t\t<\/div>\n\t\t<\/div>\n\t\t\t\t\t\t\t<\/div>\n\t\t<\/section>\n\t\t\t\t<section class=\"elementor-section elementor-top-section elementor-element elementor-element-a15580a elementor-section-boxed elementor-section-height-default elementor-section-height-default\" data-id=\"a15580a\" data-element_type=\"section\">\n\t\t\t\t\t\t<div class=\"elementor-container elementor-column-gap-default\">\n\t\t\t\t\t<div class=\"elementor-column elementor-col-100 elementor-top-column elementor-element elementor-element-5af207f\" data-id=\"5af207f\" data-element_type=\"column\">\n\t\t\t<div class=\"elementor-widget-wrap elementor-element-populated\">\n\t\t\t\t\t\t\t\t<div class=\"elementor-element elementor-element-f62c464 elementor-widget elementor-widget-text-editor\" data-id=\"f62c464\" data-element_type=\"widget\" data-widget_type=\"text-editor.default\">\n\t\t\t\t<div class=\"elementor-widget-container\">\n\t\t\t<style>\/*! elementor - v3.13.1 - 09-05-2023 *\/\n.elementor-widget-text-editor.elementor-drop-cap-view-stacked .elementor-drop-cap{background-color:#69727d;color:#fff}.elementor-widget-text-editor.elementor-drop-cap-view-framed .elementor-drop-cap{color:#69727d;border:3px solid;background-color:transparent}.elementor-widget-text-editor:not(.elementor-drop-cap-view-default) .elementor-drop-cap{margin-top:8px}.elementor-widget-text-editor:not(.elementor-drop-cap-view-default) .elementor-drop-cap-letter{width:1em;height:1em}.elementor-widget-text-editor .elementor-drop-cap{float:left;text-align:center;line-height:1;font-size:50px}.elementor-widget-text-editor .elementor-drop-cap-letter{display:inline-block}<\/style>\t\t\t\t<p>Wir verwenden Cookies und \u00e4hnliche Techologien auf unserer Website und verarbeiten personenbezogene Daten ( z.B. deine IP-Adresse) \u00fcber dich.Wir teilen diese Daten auch mit Dritten. Die Datenverarbeitung kann mit deiner Einwilligung oder auf der Grundlage eines berechtigten Interesse erfolgen, dem du wiedersprechen kannst.Du hast das Recht, nur in essenzielle Services einzuwilligen und deine Einwilligung zu einem sp\u00e4teren Zeitpunkt in der Datenschutzerkl\u00e4rung zu \u00e4ndern oder zu wiederrufen. Nachfolgend findest du eine \u00dcbersicht \u00fcber alle Services, die von dieser Website genutzt werden. Du kannst detaillierte Informationen zu jedem Service einsehen und diesen einzeln zustimmen oder von deinem Widerspruchsrecht Gebrauch machen.<\/p><p>\u00a0<\/p><p>Einige Services verarbeiten personenbezogene Daten in den USA. Indem du der Nutzung dieser Services zustimmst, erkl\u00e4rst du dich auch mit der Verarbeitung deiner Daten in den USA gem\u00e4\u00df Art. 49 (1) lit. a DSGVO einverstanden. Die USA werden vom EuGH als ein Land mit einem unzureichenden Datenschutz &#8211; Niveau nach EU &#8211; Standards angesehen. Insbesondere besteht das Risiko , dass deine Daten von US -Beh\u00f6rden zu Kontroll &#8211; und \u00dcberwachungszwecken verarbeitet werden- unter Umst\u00e4nden ohne die M\u00f6glichkeit eines Rechtsbefehls. Du bist unter 16 Jahre alt?\u00a0<\/p><p>Dann kannst du nicht in optionale Services einwilligen. Du kannst deine Eltern oder Erziehungsberechtigten bitten, mit dir in diese Services einzuwilligen.<\/p>\t\t\t\t\t\t<\/div>\n\t\t\t\t<\/div>\n\t\t\t\t\t<\/div>\n\t\t<\/div>\n\t\t\t\t\t\t\t<\/div>\n\t\t<\/section>\n\t\t\t\t\t\t\t<\/div>\n\t\t","protected":false},"excerpt":{"rendered":"<p>Cookie Einstellungen Wir verwenden Cookies und \u00e4hnliche Techologien auf unserer Website und verarbeiten personenbezogene Daten ( z.B. deine IP-Adresse) \u00fcber dich.Wir teilen diese Daten auch mit Dritten. Die Datenverarbeitung kann mit deiner Einwilligung oder auf der Grundlage eines berechtigten Interesse erfolgen, dem du wiedersprechen kannst.Du hast das Recht, nur in essenzielle Services einzuwilligen und deine&hellip; <a class=\"more-link\" href=\"https:\/\/marianeu.all-hosting.de\/?page_id=745\">Continue reading <span class=\"screen-reader-text\">Cookie und Privatsph\u00e4re Einstellungen<\/span><\/a><\/p>\n","protected":false},"author":2,"featured_media":0,"parent":0,"menu_order":0,"comment_status":"closed","ping_status":"closed","template":"","meta":{"_monsterinsights_skip_tracking":false,"_monsterinsights_sitenote_active":false,"_monsterinsights_sitenote_note":"","_monsterinsights_sitenote_category":0,"footnotes":""},"class_list":["post-745","page","type-page","status-publish","hentry","entry"],"aioseo_notices":[],"_links":{"self":[{"href":"https:\/\/marianeu.all-hosting.de\/index.php?rest_route=\/wp\/v2\/pages\/745","targetHints":{"allow":["GET"]}}],"collection":[{"href":"https:\/\/marianeu.all-hosting.de\/index.php?rest_route=\/wp\/v2\/pages"}],"about":[{"href":"https:\/\/marianeu.all-hosting.de\/index.php?rest_route=\/wp\/v2\/types\/page"}],"author":[{"embeddable":true,"href":"https:\/\/marianeu.all-hosting.de\/index.php?rest_route=\/wp\/v2\/users\/2"}],"replies":[{"embeddable":true,"href":"https:\/\/marianeu.all-hosting.de\/index.php?rest_route=%2Fwp%2Fv2%2Fcomments&post=745"}],"version-history":[{"count":6,"href":"https:\/\/marianeu.all-hosting.de\/index.php?rest_route=\/wp\/v2\/pages\/745\/revisions"}],"predecessor-version":[{"id":751,"href":"https:\/\/marianeu.all-hosting.de\/index.php?rest_route=\/wp\/v2\/pages\/745\/revisions\/751"}],"wp:attachment":[{"href":"https:\/\/marianeu.all-hosting.de\/index.php?rest_route=%2Fwp%2Fv2%2Fmedia&parent=745"}],"curies":[{"name":"wp","href":"https:\/\/api.w.org\/{rel}","templated":true}]}}